{"id":98,"date":"2021-07-16T10:43:35","date_gmt":"2021-07-16T08:43:35","guid":{"rendered":"https:\/\/konf-bezpieczenstwo.panschelm.edu.pl\/?page_id=98"},"modified":"2021-09-15T12:37:40","modified_gmt":"2021-09-15T10:37:40","slug":"conference-fee","status":"publish","type":"page","link":"https:\/\/konf-bezpieczenstwo.panschelm.edu.pl\/?page_id=98&lang=en","title":{"rendered":"Conference Fee"},"content":{"rendered":"\n<p>The conference participation fee is:<\/p>\n\n\n\n<p>The cost of placing the paper in the publication after the conference without delivering: <strong>250 PLN<\/strong><\/p>\n\n\n\n<p><strong>Participants limit: 60<\/strong><\/p>\n\n\n\n<p>Please pay, using bank transfer to account:<\/p>\n\n\n\n<blockquote class=\"wp-block-quote is-layout-flow wp-block-quote-is-layout-flow\"><p>Pa\u0144stwowa Wy\u017csza Szko\u0142a Zawodowa w Che\u0142mie<br>IBAN PL 91 1240 2223 1111 0010 5570 5911&nbsp;<br>SWIFT: PKOPPLPW<br>BANK PEKAO S.A.<br>Ul. Kopernika 20. 22-100 Che\u0142m, Poland<br>Payment title: \u201cName, address, Security Conference fee &#8211; Che\u0142m 2021\u201d<\/p><\/blockquote>\n\n\n\n<p>The conference fee covers: meals, conference materials and social program. <\/p>\n\n\n\n<p>Deadline to payment <strong> October<span style=\"font-size: revert;\"> 31, 2021<\/span> <\/strong>.<\/p>\n","protected":false},"excerpt":{"rendered":"<p>The conference participation fee is: The cost of placing the paper in the publication after the conference without delivering: 250 PLN Participants limit: 60 Please pay, using bank transfer to account: Pa\u0144stwowa Wy\u017csza Szko\u0142a Zawodowa w Che\u0142mieIBAN PL 91 1240 2223 1111 0010 5570 5911&nbsp;SWIFT: PKOPPLPWBANK PEKAO S.A.Ul. Kopernika 20. &hellip;<\/p>\n","protected":false},"author":1,"featured_media":0,"parent":0,"menu_order":0,"comment_status":"closed","ping_status":"closed","template":"","meta":{"footnotes":""},"class_list":["post-98","page","type-page","status-publish","hentry"],"_links":{"self":[{"href":"https:\/\/konf-bezpieczenstwo.panschelm.edu.pl\/index.php?rest_route=\/wp\/v2\/pages\/98","targetHints":{"allow":["GET"]}}],"collection":[{"href":"https:\/\/konf-bezpieczenstwo.panschelm.edu.pl\/index.php?rest_route=\/wp\/v2\/pages"}],"about":[{"href":"https:\/\/konf-bezpieczenstwo.panschelm.edu.pl\/index.php?rest_route=\/wp\/v2\/types\/page"}],"author":[{"embeddable":true,"href":"https:\/\/konf-bezpieczenstwo.panschelm.edu.pl\/index.php?rest_route=\/wp\/v2\/users\/1"}],"replies":[{"embeddable":true,"href":"https:\/\/konf-bezpieczenstwo.panschelm.edu.pl\/index.php?rest_route=%2Fwp%2Fv2%2Fcomments&post=98"}],"version-history":[{"count":8,"href":"https:\/\/konf-bezpieczenstwo.panschelm.edu.pl\/index.php?rest_route=\/wp\/v2\/pages\/98\/revisions"}],"predecessor-version":[{"id":199,"href":"https:\/\/konf-bezpieczenstwo.panschelm.edu.pl\/index.php?rest_route=\/wp\/v2\/pages\/98\/revisions\/199"}],"wp:attachment":[{"href":"https:\/\/konf-bezpieczenstwo.panschelm.edu.pl\/index.php?rest_route=%2Fwp%2Fv2%2Fmedia&parent=98"}],"curies":[{"name":"wp","href":"https:\/\/api.w.org\/{rel}","templated":true}]}}