{"id":91,"date":"2021-07-16T10:31:09","date_gmt":"2021-07-16T08:31:09","guid":{"rendered":"https:\/\/konf-bezpieczenstwo.panschelm.edu.pl\/?page_id=91"},"modified":"2021-11-16T11:10:52","modified_gmt":"2021-11-16T10:10:52","slug":"scientific-committee","status":"publish","type":"page","link":"https:\/\/konf-bezpieczenstwo.panschelm.edu.pl\/?page_id=91&lang=en","title":{"rendered":"Scientific Committee"},"content":{"rendered":"\n<ol class=\"wp-block-list\" type=\"1\"><li>Col. Professor Leszek Elak<\/li><li>Professor Zbigniew Ciekanowski<\/li><li>Professor Marcin Laso\u0144<\/li><li>BG Maciej Klisz<\/li><li>Ph. D. Julia Nowicka<\/li><li>Ph. D. Hanna Elak<\/li><li>Ph. D. Monika Kwieci\u0144ska<\/li><li>Ph. D. Rafa\u0142 Sieczka<\/li><li>Ph. D. Emilia Ordyniec<\/li><li>Ph. D. Dariusz Dachowicz<\/li><li>Ph. D.  Adam Szynal<\/li><li>Ph. D.  Roman \u0141ukasz<\/li><\/ol>\n","protected":false},"excerpt":{"rendered":"<p>Col. Professor Leszek Elak Professor Zbigniew Ciekanowski Professor Marcin Laso\u0144 BG Maciej Klisz Ph. D. Julia Nowicka Ph. D. Hanna Elak Ph. D. Monika Kwieci\u0144ska Ph. D. Rafa\u0142 Sieczka Ph. D. Emilia Ordyniec Ph. D. Dariusz Dachowicz Ph. D. Adam Szynal Ph. D. Roman \u0141ukasz<\/p>\n","protected":false},"author":1,"featured_media":0,"parent":0,"menu_order":0,"comment_status":"closed","ping_status":"closed","template":"","meta":{"footnotes":""},"class_list":["post-91","page","type-page","status-publish","hentry"],"_links":{"self":[{"href":"https:\/\/konf-bezpieczenstwo.panschelm.edu.pl\/index.php?rest_route=\/wp\/v2\/pages\/91","targetHints":{"allow":["GET"]}}],"collection":[{"href":"https:\/\/konf-bezpieczenstwo.panschelm.edu.pl\/index.php?rest_route=\/wp\/v2\/pages"}],"about":[{"href":"https:\/\/konf-bezpieczenstwo.panschelm.edu.pl\/index.php?rest_route=\/wp\/v2\/types\/page"}],"author":[{"embeddable":true,"href":"https:\/\/konf-bezpieczenstwo.panschelm.edu.pl\/index.php?rest_route=\/wp\/v2\/users\/1"}],"replies":[{"embeddable":true,"href":"https:\/\/konf-bezpieczenstwo.panschelm.edu.pl\/index.php?rest_route=%2Fwp%2Fv2%2Fcomments&post=91"}],"version-history":[{"count":11,"href":"https:\/\/konf-bezpieczenstwo.panschelm.edu.pl\/index.php?rest_route=\/wp\/v2\/pages\/91\/revisions"}],"predecessor-version":[{"id":205,"href":"https:\/\/konf-bezpieczenstwo.panschelm.edu.pl\/index.php?rest_route=\/wp\/v2\/pages\/91\/revisions\/205"}],"wp:attachment":[{"href":"https:\/\/konf-bezpieczenstwo.panschelm.edu.pl\/index.php?rest_route=%2Fwp%2Fv2%2Fmedia&parent=91"}],"curies":[{"name":"wp","href":"https:\/\/api.w.org\/{rel}","templated":true}]}}