{"id":34,"date":"2021-07-15T08:50:59","date_gmt":"2021-07-15T06:50:59","guid":{"rendered":"https:\/\/konf-bezpieczenstwo.panschelm.edu.pl\/?page_id=34"},"modified":"2021-09-14T23:38:01","modified_gmt":"2021-09-14T21:38:01","slug":"koszty","status":"publish","type":"page","link":"https:\/\/konf-bezpieczenstwo.panschelm.edu.pl\/?page_id=34","title":{"rendered":"Koszty"},"content":{"rendered":"\n<p>Op\u0142ata konferencyjna: <\/p>\n\n\n\n<ul class=\"wp-block-list\"><li>udzia\u0142 stacjonarny &#8211; 500 PLN\/osoby, <\/li><li>udzia\u0142 zdalny 250 PLN osoba,<\/li><li>koszt umieszczenia referatu w publikacji po konferencyjnej bez wyg\u0142aszania 250 PLN<\/li><\/ul>\n\n\n\n<p><strong>Limit uczestnik\u00f3w: 60<\/strong> <\/p>\n\n\n\n<p>UWAGA! Op\u0142ata konferencyjna nie obejmuje koszt\u00f3w noclegu.<\/p>\n\n\n\n<hr class=\"wp-block-separator is-style-wide\"\/>\n\n\n\n<p>Nr&nbsp;konta&nbsp;do&nbsp;wp\u0142at:<br>91 1240 2223 1111 0010 5570 5911&nbsp;Bank&nbsp;Pekao&nbsp;SA<br><br>W tytule: Imi\u0119 i nazwisko, adres, wp\u0142ata za konferencj\u0119 &#8222;Konferencja bezpiecze\u0144stwo &#8211; Che\u0142m 2021&#8221;<br><br>Osoby zainteresowane otrzymaniem faktury wystawionej na firm\u0119 prosimy o dane do wystawienia faktury tzn.: Nazwa, adres siedziby, NIP.<\/p>\n","protected":false},"excerpt":{"rendered":"<p>Op\u0142ata konferencyjna: udzia\u0142 stacjonarny &#8211; 500 PLN\/osoby, udzia\u0142 zdalny 250 PLN osoba, koszt umieszczenia referatu w publikacji po konferencyjnej bez wyg\u0142aszania 250 PLN Limit uczestnik\u00f3w: 60 UWAGA! Op\u0142ata konferencyjna nie obejmuje koszt\u00f3w noclegu. Nr&nbsp;konta&nbsp;do&nbsp;wp\u0142at:91 1240 2223 1111 0010 5570 5911&nbsp;Bank&nbsp;Pekao&nbsp;SA W tytule: Imi\u0119 i nazwisko, adres, wp\u0142ata za konferencj\u0119 &#8222;Konferencja &hellip;<\/p>\n","protected":false},"author":1,"featured_media":0,"parent":0,"menu_order":0,"comment_status":"closed","ping_status":"closed","template":"","meta":{"footnotes":""},"class_list":["post-34","page","type-page","status-publish","hentry"],"_links":{"self":[{"href":"https:\/\/konf-bezpieczenstwo.panschelm.edu.pl\/index.php?rest_route=\/wp\/v2\/pages\/34","targetHints":{"allow":["GET"]}}],"collection":[{"href":"https:\/\/konf-bezpieczenstwo.panschelm.edu.pl\/index.php?rest_route=\/wp\/v2\/pages"}],"about":[{"href":"https:\/\/konf-bezpieczenstwo.panschelm.edu.pl\/index.php?rest_route=\/wp\/v2\/types\/page"}],"author":[{"embeddable":true,"href":"https:\/\/konf-bezpieczenstwo.panschelm.edu.pl\/index.php?rest_route=\/wp\/v2\/users\/1"}],"replies":[{"embeddable":true,"href":"https:\/\/konf-bezpieczenstwo.panschelm.edu.pl\/index.php?rest_route=%2Fwp%2Fv2%2Fcomments&post=34"}],"version-history":[{"count":9,"href":"https:\/\/konf-bezpieczenstwo.panschelm.edu.pl\/index.php?rest_route=\/wp\/v2\/pages\/34\/revisions"}],"predecessor-version":[{"id":195,"href":"https:\/\/konf-bezpieczenstwo.panschelm.edu.pl\/index.php?rest_route=\/wp\/v2\/pages\/34\/revisions\/195"}],"wp:attachment":[{"href":"https:\/\/konf-bezpieczenstwo.panschelm.edu.pl\/index.php?rest_route=%2Fwp%2Fv2%2Fmedia&parent=34"}],"curies":[{"name":"wp","href":"https:\/\/api.w.org\/{rel}","templated":true}]}}