{"id":31,"date":"2021-07-15T08:49:47","date_gmt":"2021-07-15T06:49:47","guid":{"rendered":"https:\/\/konf-bezpieczenstwo.panschelm.edu.pl\/?page_id=31"},"modified":"2021-11-18T08:34:12","modified_gmt":"2021-11-18T07:34:12","slug":"komitet-organizacyjny","status":"publish","type":"page","link":"https:\/\/konf-bezpieczenstwo.panschelm.edu.pl\/?page_id=31","title":{"rendered":"Komitet Organizacyjny"},"content":{"rendered":"\n<ul class=\"wp-block-list\"><li>mgr Adam Szczepaniuk &#8211; PWSZ w Che\u0142mie<\/li><li>mgr Krzysztof Pacyna &#8211; PWSZ w Che\u0142mie<\/li><li>mgr Marcin Oskierko &#8211; PWSZ w Che\u0142mie<\/li><li>mgr Jacek Kosi\u0144ski &#8211; PWSZ w Che\u0142mie<\/li><li>mgr Iwona Szkudlarek<\/li><\/ul>\n\n\n\n<p><\/p>\n","protected":false},"excerpt":{"rendered":"<p>mgr Adam Szczepaniuk &#8211; PWSZ w Che\u0142mie mgr Krzysztof Pacyna &#8211; PWSZ w Che\u0142mie mgr Marcin Oskierko &#8211; PWSZ w Che\u0142mie mgr Jacek Kosi\u0144ski &#8211; PWSZ w Che\u0142mie mgr Iwona Szkudlarek<\/p>\n","protected":false},"author":1,"featured_media":0,"parent":0,"menu_order":0,"comment_status":"closed","ping_status":"closed","template":"","meta":{"footnotes":""},"class_list":["post-31","page","type-page","status-publish","hentry"],"_links":{"self":[{"href":"https:\/\/konf-bezpieczenstwo.panschelm.edu.pl\/index.php?rest_route=\/wp\/v2\/pages\/31","targetHints":{"allow":["GET"]}}],"collection":[{"href":"https:\/\/konf-bezpieczenstwo.panschelm.edu.pl\/index.php?rest_route=\/wp\/v2\/pages"}],"about":[{"href":"https:\/\/konf-bezpieczenstwo.panschelm.edu.pl\/index.php?rest_route=\/wp\/v2\/types\/page"}],"author":[{"embeddable":true,"href":"https:\/\/konf-bezpieczenstwo.panschelm.edu.pl\/index.php?rest_route=\/wp\/v2\/users\/1"}],"replies":[{"embeddable":true,"href":"https:\/\/konf-bezpieczenstwo.panschelm.edu.pl\/index.php?rest_route=%2Fwp%2Fv2%2Fcomments&post=31"}],"version-history":[{"count":7,"href":"https:\/\/konf-bezpieczenstwo.panschelm.edu.pl\/index.php?rest_route=\/wp\/v2\/pages\/31\/revisions"}],"predecessor-version":[{"id":223,"href":"https:\/\/konf-bezpieczenstwo.panschelm.edu.pl\/index.php?rest_route=\/wp\/v2\/pages\/31\/revisions\/223"}],"wp:attachment":[{"href":"https:\/\/konf-bezpieczenstwo.panschelm.edu.pl\/index.php?rest_route=%2Fwp%2Fv2%2Fmedia&parent=31"}],"curies":[{"name":"wp","href":"https:\/\/api.w.org\/{rel}","templated":true}]}}