{"id":29,"date":"2021-07-15T08:49:08","date_gmt":"2021-07-15T06:49:08","guid":{"rendered":"https:\/\/konf-bezpieczenstwo.panschelm.edu.pl\/?page_id=29"},"modified":"2021-11-15T23:22:31","modified_gmt":"2021-11-15T22:22:31","slug":"komitet-naukowy","status":"publish","type":"page","link":"https:\/\/konf-bezpieczenstwo.panschelm.edu.pl\/?page_id=29","title":{"rendered":"Komitet Naukowy"},"content":{"rendered":"\n<ul class=\"wp-block-list\"><li>prof. dr hab. in\u017c. Leszek Elak &#8211; Kierownik Katedry Nauk o Bezpiecze\u0144stwie PWSZ w Che\u0142mie<\/li><li>dr hab. Zbigniew Ciekanowski &#8211; Pa\u0144stwowa Wy\u017csza Szko\u0142a w Bia\u0142ej Podlaskiej im. Jana Paw\u0142a II<\/li><li>dr hab. Marcin Laso\u0144 &#8211; Krakowska Akademia Frycza Modrzewskiego<\/li><li>gen. bryg. Maciej Klisz &#8211; WOT<\/li><li>dr Julia Nowicka &#8211; Akademia Sztuki Wojennej<\/li><li>dr Hanna Elak &#8211; PWSZ w  Che\u0142mie<\/li><li>dr Monika Kwieci\u0144ska &#8211; PWSZ w Che\u0142mie<\/li><li>dr Rafa\u0142 Sieczka &#8211; PWSZ w Che\u0142mie<\/li><li>dr Emilia Ordyniec &#8211; PWSZ w Che\u0142mie<\/li><li>dr Adam Szynal &#8211; Akademia Sztuki Wojennej<\/li><li>dr Dariusz Dachowicz &#8211; PWSZ w Che\u0142mie<\/li><li>dr Roman \u0141ukasz<\/li><\/ul>\n","protected":false},"excerpt":{"rendered":"<p>prof. dr hab. in\u017c. Leszek Elak &#8211; Kierownik Katedry Nauk o Bezpiecze\u0144stwie PWSZ w Che\u0142mie dr hab. Zbigniew Ciekanowski &#8211; Pa\u0144stwowa Wy\u017csza Szko\u0142a w Bia\u0142ej Podlaskiej im. Jana Paw\u0142a II dr hab. Marcin Laso\u0144 &#8211; Krakowska Akademia Frycza Modrzewskiego gen. bryg. Maciej Klisz &#8211; WOT dr Julia Nowicka &#8211; Akademia &hellip;<\/p>\n","protected":false},"author":1,"featured_media":0,"parent":0,"menu_order":0,"comment_status":"closed","ping_status":"closed","template":"","meta":{"footnotes":""},"class_list":["post-29","page","type-page","status-publish","hentry"],"_links":{"self":[{"href":"https:\/\/konf-bezpieczenstwo.panschelm.edu.pl\/index.php?rest_route=\/wp\/v2\/pages\/29","targetHints":{"allow":["GET"]}}],"collection":[{"href":"https:\/\/konf-bezpieczenstwo.panschelm.edu.pl\/index.php?rest_route=\/wp\/v2\/pages"}],"about":[{"href":"https:\/\/konf-bezpieczenstwo.panschelm.edu.pl\/index.php?rest_route=\/wp\/v2\/types\/page"}],"author":[{"embeddable":true,"href":"https:\/\/konf-bezpieczenstwo.panschelm.edu.pl\/index.php?rest_route=\/wp\/v2\/users\/1"}],"replies":[{"embeddable":true,"href":"https:\/\/konf-bezpieczenstwo.panschelm.edu.pl\/index.php?rest_route=%2Fwp%2Fv2%2Fcomments&post=29"}],"version-history":[{"count":11,"href":"https:\/\/konf-bezpieczenstwo.panschelm.edu.pl\/index.php?rest_route=\/wp\/v2\/pages\/29\/revisions"}],"predecessor-version":[{"id":202,"href":"https:\/\/konf-bezpieczenstwo.panschelm.edu.pl\/index.php?rest_route=\/wp\/v2\/pages\/29\/revisions\/202"}],"wp:attachment":[{"href":"https:\/\/konf-bezpieczenstwo.panschelm.edu.pl\/index.php?rest_route=%2Fwp%2Fv2%2Fmedia&parent=29"}],"curies":[{"name":"wp","href":"https:\/\/api.w.org\/{rel}","templated":true}]}}