{"id":27,"date":"2021-07-15T08:47:25","date_gmt":"2021-07-15T06:47:25","guid":{"rendered":"https:\/\/konf-bezpieczenstwo.panschelm.edu.pl\/?page_id=27"},"modified":"2021-07-28T11:54:12","modified_gmt":"2021-07-28T09:54:12","slug":"komitet-honorowy","status":"publish","type":"page","link":"https:\/\/konf-bezpieczenstwo.panschelm.edu.pl\/?page_id=27","title":{"rendered":"Komitet Honorowy"},"content":{"rendered":"\n<ul class=\"wp-block-list\"><li>dr hab. in\u017c. Arkadiusz Tofil prof. PWSZ w Che\u0142mie \u2013 Rektor PWSZ w Che\u0142mie<\/li><li>dr hab. J\u00f3zef Zaj\u0105c, prof. PWSZ w Che\u0142mie \u2013 Prorektor ds. rozwoju PWSZ w Che\u0142mie<\/li><li>prof. dr hab. Jerzy Nitychoruk \u2013 Rektor Pa\u0144stwowej Szko\u0142y Wy\u017cszej im. Papie\u017ca Jana Paw\u0142a II w Bia\u0142ej Podlaskiej<\/li><li>gen. bryg. dr in\u017c. Krzysztof Cur \u2013 Rektor &#8211; Komendant LAW D\u0119blin<\/li><li>dr Beata Fa\u0142da \u2013 Prorektor ds. studenckich PWSZ w Che\u0142mie<\/li><li>dr Jaros\u0142aw Kapeluszny &#8211; Dyrektor Instytutu Matematyki i Informatyki PWSZ w Che\u0142mie<\/li><\/ul>\n\n\n\n<p><\/p>\n","protected":false},"excerpt":{"rendered":"<p>dr hab. in\u017c. Arkadiusz Tofil prof. PWSZ w Che\u0142mie \u2013 Rektor PWSZ w Che\u0142mie dr hab. J\u00f3zef Zaj\u0105c, prof. PWSZ w Che\u0142mie \u2013 Prorektor ds. rozwoju PWSZ w Che\u0142mie prof. dr hab. Jerzy Nitychoruk \u2013 Rektor Pa\u0144stwowej Szko\u0142y Wy\u017cszej im. Papie\u017ca Jana Paw\u0142a II w Bia\u0142ej Podlaskiej gen. bryg. dr &hellip;<\/p>\n","protected":false},"author":1,"featured_media":0,"parent":0,"menu_order":0,"comment_status":"closed","ping_status":"closed","template":"","meta":{"footnotes":""},"class_list":["post-27","page","type-page","status-publish","hentry"],"_links":{"self":[{"href":"https:\/\/konf-bezpieczenstwo.panschelm.edu.pl\/index.php?rest_route=\/wp\/v2\/pages\/27","targetHints":{"allow":["GET"]}}],"collection":[{"href":"https:\/\/konf-bezpieczenstwo.panschelm.edu.pl\/index.php?rest_route=\/wp\/v2\/pages"}],"about":[{"href":"https:\/\/konf-bezpieczenstwo.panschelm.edu.pl\/index.php?rest_route=\/wp\/v2\/types\/page"}],"author":[{"embeddable":true,"href":"https:\/\/konf-bezpieczenstwo.panschelm.edu.pl\/index.php?rest_route=\/wp\/v2\/users\/1"}],"replies":[{"embeddable":true,"href":"https:\/\/konf-bezpieczenstwo.panschelm.edu.pl\/index.php?rest_route=%2Fwp%2Fv2%2Fcomments&post=27"}],"version-history":[{"count":12,"href":"https:\/\/konf-bezpieczenstwo.panschelm.edu.pl\/index.php?rest_route=\/wp\/v2\/pages\/27\/revisions"}],"predecessor-version":[{"id":179,"href":"https:\/\/konf-bezpieczenstwo.panschelm.edu.pl\/index.php?rest_route=\/wp\/v2\/pages\/27\/revisions\/179"}],"wp:attachment":[{"href":"https:\/\/konf-bezpieczenstwo.panschelm.edu.pl\/index.php?rest_route=%2Fwp%2Fv2%2Fmedia&parent=27"}],"curies":[{"name":"wp","href":"https:\/\/api.w.org\/{rel}","templated":true}]}}