{"id":23,"date":"2021-07-15T08:44:45","date_gmt":"2021-07-15T06:44:45","guid":{"rendered":"https:\/\/konf-bezpieczenstwo.panschelm.edu.pl\/?page_id=23"},"modified":"2021-07-16T10:19:31","modified_gmt":"2021-07-16T08:19:31","slug":"konferencja-miedzynarodowa","status":"publish","type":"page","link":"https:\/\/konf-bezpieczenstwo.panschelm.edu.pl\/","title":{"rendered":"Konferencja mi\u0119dzynarodowa"},"content":{"rendered":"\n<h2 class=\"wp-block-heading\"><strong>Cel konferencji:<\/strong><\/h2>\n\n\n\n<p>diagnoza obecnego stanu bezpiecze\u0144stwa wschodniej flanki NATO na przyk\u0142adzie wojew\u00f3dztwa lubelskiego (g\u0142\u00f3wnie powiatu che\u0142mskiego) wygenerowanie najwa\u017cniejszych zagro\u017ce\u0144 militarnych i niemilitarnych oraz wskazanie sposob\u00f3w przeciwdzia\u0142ania im przy wsp\u00f3\u0142dzia\u0142aniu SZ RP, Stra\u017cy Granicznej, Policji i innych s\u0142u\u017cb.<\/p>\n\n\n\n<h3 class=\"wp-block-heading\">Cele szczeg\u00f3\u0142owe konferencji<\/h3>\n\n\n\n<ol class=\"wp-block-list\" type=\"1\"><li>Analiza bezpiecze\u0144stwa militarnego wschodniej flanki NATO.<\/li><li>Identyfikacja zagro\u017ce\u0144 niemilitarnych XXI wieku stanowi\u0105cych przes\u0142ank\u0119 do agresji niekinetycznej.<\/li><li>Okre\u015blenie istotnych zagro\u017ce\u0144 hybrydowych.<\/li><li>Istota dzia\u0142a\u0144 podprogowych hipotetycznego agresora w strefie przygranicznej.<\/li><li>Identyfikacja scenariuszy zagro\u017ce\u0144 hybrydowych.<\/li><li>Charakterystyka problemu uchod\u017actwa z rejon\u00f3w obj\u0119tych wojn\u0105 w strefie przygranicznej.<\/li><li>Istota ochrony granicy powietrznej.<\/li><li>Okre\u015blenie nowych zada\u0144 dla Stra\u017cy Granicznej w kontek\u015bcie wojny na Ukrainie.<\/li><li>Istota wsp\u00f3\u0142dzia\u0142ania SZ RP i SG w kontek\u015bcie ochrony i obrony granicy.<\/li><li>Wskazanie potrzeby wzmocnienia wschodniej flanki NATO (woj. lubelskie) wojskami sojuszu.<\/li><li>Okre\u015blenie znaczenia NATO i UE w bezpiecze\u0144stwie wschodniej granicy z Ukrain\u0105.<\/li><li>Wskazanie znaczenia przest\u0119pczo\u015bci granicznej w kontek\u015bcie bezpiecze\u0144stwa wewn\u0119trznego.<\/li><\/ol>\n","protected":false},"excerpt":{"rendered":"<p>Cel konferencji: diagnoza obecnego stanu bezpiecze\u0144stwa wschodniej flanki NATO na przyk\u0142adzie wojew\u00f3dztwa lubelskiego (g\u0142\u00f3wnie powiatu che\u0142mskiego) wygenerowanie najwa\u017cniejszych zagro\u017ce\u0144 militarnych i niemilitarnych oraz wskazanie sposob\u00f3w przeciwdzia\u0142ania im przy wsp\u00f3\u0142dzia\u0142aniu SZ RP, Stra\u017cy Granicznej, Policji i innych s\u0142u\u017cb. Cele szczeg\u00f3\u0142owe konferencji Analiza bezpiecze\u0144stwa militarnego wschodniej flanki NATO. Identyfikacja zagro\u017ce\u0144 niemilitarnych XXI &hellip;<\/p>\n","protected":false},"author":1,"featured_media":0,"parent":0,"menu_order":0,"comment_status":"closed","ping_status":"closed","template":"","meta":{"footnotes":""},"class_list":["post-23","page","type-page","status-publish","hentry"],"_links":{"self":[{"href":"https:\/\/konf-bezpieczenstwo.panschelm.edu.pl\/index.php?rest_route=\/wp\/v2\/pages\/23","targetHints":{"allow":["GET"]}}],"collection":[{"href":"https:\/\/konf-bezpieczenstwo.panschelm.edu.pl\/index.php?rest_route=\/wp\/v2\/pages"}],"about":[{"href":"https:\/\/konf-bezpieczenstwo.panschelm.edu.pl\/index.php?rest_route=\/wp\/v2\/types\/page"}],"author":[{"embeddable":true,"href":"https:\/\/konf-bezpieczenstwo.panschelm.edu.pl\/index.php?rest_route=\/wp\/v2\/users\/1"}],"replies":[{"embeddable":true,"href":"https:\/\/konf-bezpieczenstwo.panschelm.edu.pl\/index.php?rest_route=%2Fwp%2Fv2%2Fcomments&post=23"}],"version-history":[{"count":2,"href":"https:\/\/konf-bezpieczenstwo.panschelm.edu.pl\/index.php?rest_route=\/wp\/v2\/pages\/23\/revisions"}],"predecessor-version":[{"id":86,"href":"https:\/\/konf-bezpieczenstwo.panschelm.edu.pl\/index.php?rest_route=\/wp\/v2\/pages\/23\/revisions\/86"}],"wp:attachment":[{"href":"https:\/\/konf-bezpieczenstwo.panschelm.edu.pl\/index.php?rest_route=%2Fwp%2Fv2%2Fmedia&parent=23"}],"curies":[{"name":"wp","href":"https:\/\/api.w.org\/{rel}","templated":true}]}}