{"id":169,"date":"2021-07-27T22:33:04","date_gmt":"2021-07-27T20:33:04","guid":{"rendered":"https:\/\/konf-bezpieczenstwo.panschelm.edu.pl\/?page_id=169"},"modified":"2021-09-14T23:34:17","modified_gmt":"2021-09-14T21:34:17","slug":"terminy","status":"publish","type":"page","link":"https:\/\/konf-bezpieczenstwo.panschelm.edu.pl\/?page_id=169","title":{"rendered":"Terminy"},"content":{"rendered":"\n<p>Terminy zg\u0142oszenia uczestnik\u00f3w Konferencji oraz nadsy\u0142ania materia\u0142\u00f3w do publikacji i wyg\u0142aszanych referat\u00f3w zgodnych z wskazanymi na stronie Konferencji wymogami edytorskim do dnia 31 pa\u017adziernika 2021 r.<\/p>\n\n\n\n<p><strong>Limit uczestnik\u00f3w: 60<\/strong><\/p>\n","protected":false},"excerpt":{"rendered":"<p>Terminy zg\u0142oszenia uczestnik\u00f3w Konferencji oraz nadsy\u0142ania materia\u0142\u00f3w do publikacji i wyg\u0142aszanych referat\u00f3w zgodnych z wskazanymi na stronie Konferencji wymogami edytorskim do dnia 31 pa\u017adziernika 2021 r. Limit uczestnik\u00f3w: 60<\/p>\n","protected":false},"author":1,"featured_media":0,"parent":0,"menu_order":0,"comment_status":"closed","ping_status":"closed","template":"","meta":{"footnotes":""},"class_list":["post-169","page","type-page","status-publish","hentry"],"_links":{"self":[{"href":"https:\/\/konf-bezpieczenstwo.panschelm.edu.pl\/index.php?rest_route=\/wp\/v2\/pages\/169","targetHints":{"allow":["GET"]}}],"collection":[{"href":"https:\/\/konf-bezpieczenstwo.panschelm.edu.pl\/index.php?rest_route=\/wp\/v2\/pages"}],"about":[{"href":"https:\/\/konf-bezpieczenstwo.panschelm.edu.pl\/index.php?rest_route=\/wp\/v2\/types\/page"}],"author":[{"embeddable":true,"href":"https:\/\/konf-bezpieczenstwo.panschelm.edu.pl\/index.php?rest_route=\/wp\/v2\/users\/1"}],"replies":[{"embeddable":true,"href":"https:\/\/konf-bezpieczenstwo.panschelm.edu.pl\/index.php?rest_route=%2Fwp%2Fv2%2Fcomments&post=169"}],"version-history":[{"count":4,"href":"https:\/\/konf-bezpieczenstwo.panschelm.edu.pl\/index.php?rest_route=\/wp\/v2\/pages\/169\/revisions"}],"predecessor-version":[{"id":193,"href":"https:\/\/konf-bezpieczenstwo.panschelm.edu.pl\/index.php?rest_route=\/wp\/v2\/pages\/169\/revisions\/193"}],"wp:attachment":[{"href":"https:\/\/konf-bezpieczenstwo.panschelm.edu.pl\/index.php?rest_route=%2Fwp%2Fv2%2Fmedia&parent=169"}],"curies":[{"name":"wp","href":"https:\/\/api.w.org\/{rel}","templated":true}]}}