{"id":156,"date":"2021-07-27T07:26:07","date_gmt":"2021-07-27T05:26:07","guid":{"rendered":"https:\/\/konf-bezpieczenstwo.panschelm.edu.pl\/?page_id=156"},"modified":"2021-07-27T07:32:16","modified_gmt":"2021-07-27T05:32:16","slug":"wymogi-edytorskie","status":"publish","type":"page","link":"https:\/\/konf-bezpieczenstwo.panschelm.edu.pl\/?page_id=156","title":{"rendered":"Wymogi edytorskie"},"content":{"rendered":"\n<p><strong>Format pliku:<\/strong><\/p>\n\n\n\n<ul class=\"wp-block-list\"><li>tekst artyku\u0142u powinien by\u0107 zapisany w programie <em>MS WORD <\/em>w formacie *.doc\/docx mo\u017cliwym do edycji.<\/li><\/ul>\n\n\n\n<p><strong>Parametry tekstu:<\/strong><\/p>\n\n\n\n<ul class=\"wp-block-list\"><li>czcionka TNR (Times New Roman) 12 pkt; &nbsp;<\/li><li>tekst wyjustowany (wyr\u00f3wnanie tekstu do lewego i prawego marginesu);<\/li><\/ul>\n\n\n\n<p><strong>Ustawienia akapitu:<\/strong><\/p>\n\n\n\n<ul class=\"wp-block-list\"><li>interlinia dok\u0142adnie 13 punkt\u00f3w;<\/li><li>pierwszy wiersz 0,7 cm;<\/li><li>w\u0142\u0105czona funkcja automatycznego dzielenia wyraz\u00f3w;<\/li><\/ul>\n\n\n\n<p><strong>Ustawienia strony:<\/strong><\/p>\n\n\n\n<ul class=\"wp-block-list\"><li>format arkusza A4;<\/li><li>marginesy lustrzane;<\/li><li>marginesy &nbsp;2,5 cm,<\/li><li>wyliczania nale\u017cy prowadzi\u0107 od punktor\u00f3w w formie kropek;<\/li><li>numeracja stron na dole, zewn\u0119trzna;<\/li><li>stopka od g\u00f3ry i do\u0142u 1.5 cm;<\/li><li>tytu\u0142 i nag\u0142\u00f3wki wy\u015brodkowane, brak wci\u0119cia pierwszego wierszu;<\/li><li>przed tytu\u0142em i po tytule odst\u0119py dw\u00f3ch linijek (\u201edwa entery\u201d);<\/li><li>przed podtytu\u0142ami (tytu\u0142ami sekcji) dwie linijki, po podtytule jedna linijka odst\u0119pu;<\/li><li>dane autora wyr\u00f3wnane do lewej.<\/li><li>tekst zako\u0144czony abstraktem (90-100 wyraz\u00f3w).<\/li><\/ul>\n\n\n\n<p><strong>Tabele, rysunki, schematy, wykresy:<\/strong><\/p>\n\n\n\n<ul class=\"wp-block-list\"><li>powinny by\u0107 zapowiedziane w tek\u015bcie;<\/li><li>powinny by\u0107 kolejno numerowane;<\/li><li>powinny by\u0107 wy\u015brodkowane;<\/li><li>mog\u0105 by\u0107 w kolorze;<\/li><li>zdj\u0119cia i rysunki w formacie *.jpg;<\/li><li>zdj\u0119cia i rysunki wstawiamy w pole tekstowe (!)<\/li><li>nazwa i \u017ar\u00f3d\u0142o wed\u0142ug wzoru z za\u0142\u0105cznika.<\/li><\/ul>\n\n\n\n<p>Przyk\u0142ad:<\/p>\n\n\n\n<p><\/p>\n\n\n\n<figure class=\"wp-block-image size-full is-resized\"><img loading=\"lazy\" decoding=\"async\" src=\"https:\/\/konf-bezpieczenstwo.panschelm.edu.pl\/wp-content\/uploads\/2021\/07\/image-1.png\" alt=\"\" class=\"wp-image-162\" width=\"701\" height=\"217\" srcset=\"https:\/\/konf-bezpieczenstwo.panschelm.edu.pl\/wp-content\/uploads\/2021\/07\/image-1.png 926w, https:\/\/konf-bezpieczenstwo.panschelm.edu.pl\/wp-content\/uploads\/2021\/07\/image-1-300x93.png 300w, https:\/\/konf-bezpieczenstwo.panschelm.edu.pl\/wp-content\/uploads\/2021\/07\/image-1-768x238.png 768w, https:\/\/konf-bezpieczenstwo.panschelm.edu.pl\/wp-content\/uploads\/2021\/07\/image-1-393x122.png 393w\" sizes=\"auto, (max-width: 701px) 100vw, 701px\" \/><\/figure>\n\n\n\n<figure class=\"wp-block-image size-large is-resized\"><img loading=\"lazy\" decoding=\"async\" src=\"https:\/\/konf-bezpieczenstwo.panschelm.edu.pl\/wp-content\/uploads\/2021\/07\/image-1024x366.png\" alt=\"\" class=\"wp-image-160\" width=\"758\" height=\"271\" srcset=\"https:\/\/konf-bezpieczenstwo.panschelm.edu.pl\/wp-content\/uploads\/2021\/07\/image-1024x366.png 1024w, https:\/\/konf-bezpieczenstwo.panschelm.edu.pl\/wp-content\/uploads\/2021\/07\/image-300x107.png 300w, https:\/\/konf-bezpieczenstwo.panschelm.edu.pl\/wp-content\/uploads\/2021\/07\/image-768x274.png 768w, https:\/\/konf-bezpieczenstwo.panschelm.edu.pl\/wp-content\/uploads\/2021\/07\/image-393x140.png 393w, https:\/\/konf-bezpieczenstwo.panschelm.edu.pl\/wp-content\/uploads\/2021\/07\/image.png 1036w\" sizes=\"auto, (max-width: 758px) 100vw, 758px\" \/><\/figure>\n\n\n\n<p><strong>Przywo\u0142ania w tek\u015bcie:<\/strong><\/p>\n\n\n\n<ul class=\"wp-block-list\"><li>cytaty w tek\u015bcie powinny by\u0107 oznaczone kursyw\u0105, a ich \u017ar\u00f3d\u0142o wskazane w odpowiednim przypisie;<\/li><li>tytu\u0142y cytowanych dzie\u0142 oznaczamy kursyw\u0105 bez cudzys\u0142owu;<\/li><li>omijaj\u0105c fragment tekstu w cytowaniu nale\u017cy zastosowa\u0107 znak: [\u2026].<\/li><\/ul>\n\n\n\n<p><strong>Przypisy:<\/strong><\/p>\n\n\n\n<ul class=\"wp-block-list\"><li>nale\u017cy stosowa\u0107 przypisy dolne automatycznie numerowane;<\/li><li>przypisy mog\u0105 by\u0107 obja\u015bnieniem do tre\u015bci zawartej w artykule lub przywo\u0142aniem pozycji literatury, z kt\u00f3rej zaczerpni\u0119to cytat, b\u0105d\u017a te\u017c sformu\u0142owano wnioski;<\/li><li>parametry: czcionka Times New Roman; wielko\u015b\u0107 9 punkt\u00f3w; interlinia 1; tekst wyjustowany, pierwszy wiersz 0,7;<\/li><li>pierwszy odsy\u0142acz do danej pozycji powinien zawiera\u0107 wszystkie elementy opisu bibliograficznego. W przypadku ponownego odwo\u0142ania si\u0119 do pozycji ju\u017c przywo\u0142ywanej nale\u017cy stosowa\u0107 odpowiednie skr\u00f3ty polskie (tam\u017ce, wyd. cyt.);<\/li><li>w przypadku odwo\u0142ania si\u0119 do stron internetowych po adresie strony nale\u017cy poda\u0107 w kwadratowym nawiasie dat\u0119 dost\u0119pu wed\u0142ug wzoru \u201e[dost\u0119p: 12.07.2013]\u201d. Nale\u017cy usun\u0105\u0107 hiper\u0142\u0105cza.<\/li><\/ul>\n\n\n\n<p>Przyk\u0142ad:<\/p>\n\n\n\n<p><sub><sup>1<\/sup>R. Zi\u0119ba, <em>Poj\u0119cie i istota bezpiecze\u0144stwa pa\u0144stwa w stosunkach mi\u0119dzynarodowych<\/em>, Sprawy Mi\u0119dzynarodowe nr 10, \u00a0\u00a0Warszawa 1989, s. 50.<\/sub><\/p>\n\n\n\n<p><strong>Bibliografia:<\/strong><\/p>\n\n\n\n<ul class=\"wp-block-list\"><li>powinna zawiera\u0107 jedynie te pozycje, kt\u00f3re by\u0142y wykorzystane w artykule;<\/li><li>pozycje w bibliografii nale\u017cy umie\u015bci\u0107 w porz\u0105dku alfabetycznym wed\u0142ug nazwisk autor\u00f3w poszczeg\u00f3lnych pozycji, a w przypadku prac zbiorowych \u2013 wed\u0142ug tytu\u0142\u00f3w;<\/li><li>pozycje bibliografii powinny zawiera\u0107 r\u00f3wnie\u017c wykorzystane strony internetowe;<\/li><li>ka\u017cda pozycja powinna zawiera\u0107 nazwisko i inicja\u0142 imienia autora, pe\u0142ny tytu\u0142 dzie\u0142a, inicja\u0142 imienia i nazwisko redaktora pracy zbiorowej, miejsce i rok wydania; w&nbsp;przypadku pracy b\u0119d\u0105cej cz\u0119\u015bci\u0105 wi\u0119kszej ca\u0142o\u015bci (pracy zbiorowej) \u2013 r\u00f3wnie\u017c tytu\u0142 dzie\u0142a, z kt\u00f3rego pochodzi; w przypadku pracy b\u0119d\u0105cej artyku\u0142em zamieszczonym w&nbsp;czasopi\u015bmie \u2013 tytu\u0142 czasopisma w cudzys\u0142owie, rok jego wydania i kolejny numer.<\/li><\/ul>\n\n\n\n<p><strong>UWAGA<\/strong><\/p>\n\n\n\n<p><strong>Redakcja ma prawo odrzucenia przes\u0142anego artyku\u0142u, je\u015bli nie spe\u0142nia on podstawowych wymaga\u0144 merytorycznych i edytorskich!<\/strong><\/p>\n","protected":false},"excerpt":{"rendered":"<p>Format pliku: tekst artyku\u0142u powinien by\u0107 zapisany w programie MS WORD w formacie *.doc\/docx mo\u017cliwym do edycji. Parametry tekstu: czcionka TNR (Times New Roman) 12 pkt; &nbsp; tekst wyjustowany (wyr\u00f3wnanie tekstu do lewego i prawego marginesu); Ustawienia akapitu: interlinia dok\u0142adnie 13 punkt\u00f3w; pierwszy wiersz 0,7 cm; w\u0142\u0105czona funkcja automatycznego dzielenia &hellip;<\/p>\n","protected":false},"author":1,"featured_media":0,"parent":0,"menu_order":0,"comment_status":"closed","ping_status":"closed","template":"","meta":{"footnotes":""},"class_list":["post-156","page","type-page","status-publish","hentry"],"_links":{"self":[{"href":"https:\/\/konf-bezpieczenstwo.panschelm.edu.pl\/index.php?rest_route=\/wp\/v2\/pages\/156","targetHints":{"allow":["GET"]}}],"collection":[{"href":"https:\/\/konf-bezpieczenstwo.panschelm.edu.pl\/index.php?rest_route=\/wp\/v2\/pages"}],"about":[{"href":"https:\/\/konf-bezpieczenstwo.panschelm.edu.pl\/index.php?rest_route=\/wp\/v2\/types\/page"}],"author":[{"embeddable":true,"href":"https:\/\/konf-bezpieczenstwo.panschelm.edu.pl\/index.php?rest_route=\/wp\/v2\/users\/1"}],"replies":[{"embeddable":true,"href":"https:\/\/konf-bezpieczenstwo.panschelm.edu.pl\/index.php?rest_route=%2Fwp%2Fv2%2Fcomments&post=156"}],"version-history":[{"count":4,"href":"https:\/\/konf-bezpieczenstwo.panschelm.edu.pl\/index.php?rest_route=\/wp\/v2\/pages\/156\/revisions"}],"predecessor-version":[{"id":165,"href":"https:\/\/konf-bezpieczenstwo.panschelm.edu.pl\/index.php?rest_route=\/wp\/v2\/pages\/156\/revisions\/165"}],"wp:attachment":[{"href":"https:\/\/konf-bezpieczenstwo.panschelm.edu.pl\/index.php?rest_route=%2Fwp%2Fv2%2Fmedia&parent=156"}],"curies":[{"name":"wp","href":"https:\/\/api.w.org\/{rel}","templated":true}]}}