{"id":104,"date":"2021-07-16T10:56:54","date_gmt":"2021-07-16T08:56:54","guid":{"rendered":"https:\/\/konf-bezpieczenstwo.panschelm.edu.pl\/?page_id=104"},"modified":"2021-07-16T10:56:54","modified_gmt":"2021-07-16T08:56:54","slug":"accommodation","status":"publish","type":"page","link":"https:\/\/konf-bezpieczenstwo.panschelm.edu.pl\/?page_id=104&lang=en","title":{"rendered":"Accommodation"},"content":{"rendered":"\n<p>Accommodation \u2013 please find attached links to hotels located in Che\u0142m<\/p>\n\n\n\n<ul class=\"wp-block-list\"><li><a href=\"https:\/\/www.booking.com\/searchresults.pl.html?aid=318615;label=New_Polish_PL_PL_27026340145-Lv2TsQQJhwSXgAD%2AMdHwRgS102047660305%3Apl%3Ata%3Ap1%3Ap2%3Aac%3Aap%3Aneg%3Afi2645319047%3Atidsa-302773973745%3Alp1031027%3Ali%3Adec%3Adm;sid=296dcda8c97851bfe2d4c417f19163e1;city=-496725;redirected=1;redirected_from_city=1;source=city&amp;\">Hotels in Che\u0142m at Booking.com<\/a><\/li><li><a href=\"https:\/\/www.trivago.pl\/?aDateRange%5Barr%5D=2021-07-16&amp;aDateRange%5Bdep%5D=2021-07-17&amp;aPriceRange%5Bfrom%5D=0&amp;aPriceRange%5Bto%5D=0&amp;iRoomType=7&amp;aRooms%5B0%5D%5Badults%5D=2&amp;cpt2=119981%2F200&amp;hasList=1&amp;hasMap=1&amp;bIsSeoPage=0&amp;sortingId=1&amp;slideoutsPageItemId=&amp;iGeoDistanceLimit=20000&amp;address=&amp;addressGeoCode=&amp;offset=0&amp;ra=&amp;overlayMode=\">Hotels in Che\u0142m at Trivago.pl<\/a><\/li><\/ul>\n\n\n\n<p>The cost of accommodation is covered by participants of the conference on their own.<\/p>\n\n\n\n<p>The conference will take place in the State School of Higher Education in Che\u0142m (Poland) located at ul. Pocztowa 54.<\/p>\n","protected":false},"excerpt":{"rendered":"<p>Accommodation \u2013 please find attached links to hotels located in Che\u0142m Hotels in Che\u0142m at Booking.com Hotels in Che\u0142m at Trivago.pl The cost of accommodation is covered by participants of the conference on their own. The conference will take place in the State School of Higher Education in Che\u0142m (Poland) &hellip;<\/p>\n","protected":false},"author":1,"featured_media":0,"parent":0,"menu_order":0,"comment_status":"closed","ping_status":"closed","template":"","meta":{"footnotes":""},"class_list":["post-104","page","type-page","status-publish","hentry"],"_links":{"self":[{"href":"https:\/\/konf-bezpieczenstwo.panschelm.edu.pl\/index.php?rest_route=\/wp\/v2\/pages\/104","targetHints":{"allow":["GET"]}}],"collection":[{"href":"https:\/\/konf-bezpieczenstwo.panschelm.edu.pl\/index.php?rest_route=\/wp\/v2\/pages"}],"about":[{"href":"https:\/\/konf-bezpieczenstwo.panschelm.edu.pl\/index.php?rest_route=\/wp\/v2\/types\/page"}],"author":[{"embeddable":true,"href":"https:\/\/konf-bezpieczenstwo.panschelm.edu.pl\/index.php?rest_route=\/wp\/v2\/users\/1"}],"replies":[{"embeddable":true,"href":"https:\/\/konf-bezpieczenstwo.panschelm.edu.pl\/index.php?rest_route=%2Fwp%2Fv2%2Fcomments&post=104"}],"version-history":[{"count":1,"href":"https:\/\/konf-bezpieczenstwo.panschelm.edu.pl\/index.php?rest_route=\/wp\/v2\/pages\/104\/revisions"}],"predecessor-version":[{"id":105,"href":"https:\/\/konf-bezpieczenstwo.panschelm.edu.pl\/index.php?rest_route=\/wp\/v2\/pages\/104\/revisions\/105"}],"wp:attachment":[{"href":"https:\/\/konf-bezpieczenstwo.panschelm.edu.pl\/index.php?rest_route=%2Fwp%2Fv2%2Fmedia&parent=104"}],"curies":[{"name":"wp","href":"https:\/\/api.w.org\/{rel}","templated":true}]}}